{"id":25072,"date":"2016-11-08T15:46:20","date_gmt":"2016-11-08T15:46:20","guid":{"rendered":"https:\/\/daat-emet.sentice.com\/fr\/?page_id=25072"},"modified":"2016-12-02T00:44:41","modified_gmt":"2016-12-02T00:44:41","slug":"home","status":"publish","type":"page","link":"https:\/\/daatemet.org.il\/fr\/home\/","title":{"rendered":"Home"},"content":{"rendered":"\t\t<div data-elementor-type=\"wp-page\" data-elementor-id=\"25072\" class=\"elementor elementor-25072 elementor-21659\">\n\t\t\t\t\t\t<div class=\"elementor-inner\">\n\t\t\t\t<div class=\"elementor-section-wrap\">\n\t\t\t\t\t\t\t\t\t<section class=\"elementor-section elementor-top-section elementor-element elementor-element-oq3rhyt elementor-section-boxed elementor-section-height-default elementor-section-height-default\" data-id=\"oq3rhyt\" data-element_type=\"section\">\n\t\t\t\t\t\t<div class=\"elementor-container elementor-column-gap-default\">\n\t\t\t\t\t\t\t<div class=\"elementor-row\">\n\t\t\t\t\t<div class=\"elementor-column elementor-col-100 elementor-top-column elementor-element elementor-element-tlxezc1\" data-id=\"tlxezc1\" data-element_type=\"column\">\n\t\t\t<div class=\"elementor-column-wrap elementor-element-populated\">\n\t\t\t\t\t\t\t<div class=\"elementor-widget-wrap\">\n\t\t\t\t\t\t<div class=\"elementor-element elementor-element-k320751 elementor-widget elementor-widget-wp-widget-pojo_recent_posts\" data-id=\"k320751\" data-element_type=\"widget\" data-widget_type=\"wp-widget-pojo_recent_posts.default\">\n\t\t\t\t<div class=\"elementor-widget-container\">\n\t\t\t<div class=\"list-items\"><div class=\"recent-post media list-item format-icon-hide post-218 post type-post status-publish format-standard has-post-thumbnail hentry category-non-classifiee\">\n\t\t\t<a href=\"https:\/\/daatemet.org.il\/fr\/non-classifiee\/carnet-4\/\" title=\"Carnet 4\" rel=\"bookmark\" class=\"image-link pull-left\">\n\t\t\t<img decoding=\"async\" src=\"https:\/\/daatemet.org.il\/wp-content\/uploads\/thumbs\/image002-1-3mwee5gnh9kwrre3u0ahoq.gif\" alt=\"Carnet 4\" class=\"media-object\" \/>\n\t\t\t\t\t<\/a>\n\t\t<div class=\"media-body\">\n\t\t<div class=\"entry-meta\">\n\t\t\t\t\t\t\t\t\t\t\t\t\t\t<\/div>\n\t\t\t\t\t<h3 class=\"media-heading entry-title\"><a href=\"https:\/\/daatemet.org.il\/fr\/non-classifiee\/carnet-4\/\">Carnet 4<\/a><\/h3>\n\t\t\t\t\t\t\t<div class=\"entry-excerpt\">\n\t\t\t\t<p>&#8211; Version imprimable \u00ab\u00a0Et Dieu a dit: qu&rsquo;il y&rsquo;ait des luminaires dans le firmament pour s\u00e9parer entre le jour et<\/p>\n\t\t\t<\/div>\n\t\t\t\t\t<\/div>\n<\/div><div class=\"recent-post media list-item format-icon-hide post-282 post type-post status-publish format-standard has-post-thumbnail hentry category-non-classifiee\">\n\t\t\t<a href=\"https:\/\/daatemet.org.il\/fr\/non-classifiee\/carnet-7\/\" title=\"Carnet 7\" rel=\"bookmark\" class=\"image-link pull-left\">\n\t\t\t<img decoding=\"async\" src=\"https:\/\/daatemet.org.il\/wp-content\/uploads\/thumbs\/007-moody-moses-commandments-3mwee57lsoij7nwd29x6h6.jpg\" alt=\"Carnet 7\" class=\"media-object\" \/>\n\t\t\t\t\t<\/a>\n\t\t<div class=\"media-body\">\n\t\t<div class=\"entry-meta\">\n\t\t\t\t\t\t\t\t\t\t\t\t\t\t<\/div>\n\t\t\t\t\t<h3 class=\"media-heading entry-title\"><a href=\"https:\/\/daatemet.org.il\/fr\/non-classifiee\/carnet-7\/\">Carnet 7<\/a><\/h3>\n\t\t\t\t\t\t\t<div class=\"entry-excerpt\">\n\t\t\t\t<p>&#8211; Version imprimable DAAT EMET\u00a0 Carnet 7 \u00ab\u00a0Tu ne t&rsquo;approcheras pas d&rsquo;une femme lors de sa p\u00e9riode d&rsquo;impuret\u00e9 pour d\u00e9couvrir<\/p>\n\t\t\t<\/div>\n\t\t\t\t\t<\/div>\n<\/div><\/div>\t\t<\/div>\n\t\t\t\t<\/div>\n\t\t\t\t\t\t<\/div>\n\t\t\t\t\t<\/div>\n\t\t<\/div>\n\t\t\t\t\t\t\t\t<\/div>\n\t\t\t\t\t<\/div>\n\t\t<\/section>\n\t\t\t\t\t\t\t\t\t<\/div>\n\t\t\t<\/div>\n\t\t\t\t\t<\/div>\n\t\t","protected":false},"excerpt":{"rendered":"","protected":false},"author":2608,"featured_media":76315,"parent":0,"menu_order":10,"comment_status":"closed","ping_status":"closed","template":"","meta":{"footnotes":""},"class_list":["post-25072","page","type-page","status-publish","has-post-thumbnail","hentry"],"acf":[],"_links":{"self":[{"href":"https:\/\/daatemet.org.il\/fr\/wp-json\/wp\/v2\/pages\/25072","targetHints":{"allow":["GET"]}}],"collection":[{"href":"https:\/\/daatemet.org.il\/fr\/wp-json\/wp\/v2\/pages"}],"about":[{"href":"https:\/\/daatemet.org.il\/fr\/wp-json\/wp\/v2\/types\/page"}],"author":[{"embeddable":true,"href":"https:\/\/daatemet.org.il\/fr\/wp-json\/wp\/v2\/users\/2608"}],"replies":[{"embeddable":true,"href":"https:\/\/daatemet.org.il\/fr\/wp-json\/wp\/v2\/comments?post=25072"}],"version-history":[{"count":1,"href":"https:\/\/daatemet.org.il\/fr\/wp-json\/wp\/v2\/pages\/25072\/revisions"}],"predecessor-version":[{"id":25073,"href":"https:\/\/daatemet.org.il\/fr\/wp-json\/wp\/v2\/pages\/25072\/revisions\/25073"}],"wp:featuredmedia":[{"embeddable":true,"href":"https:\/\/daatemet.org.il\/fr\/wp-json\/wp\/v2\/media\/76315"}],"wp:attachment":[{"href":"https:\/\/daatemet.org.il\/fr\/wp-json\/wp\/v2\/media?parent=25072"}],"curies":[{"name":"wp","href":"https:\/\/api.w.org\/{rel}","templated":true}]}}